{"id":1122,"date":"2025-06-22T19:23:15","date_gmt":"2025-06-22T22:23:15","guid":{"rendered":"http:\/\/gota.uns.edu.ar\/?page_id=1122"},"modified":"2025-06-26T10:27:25","modified_gmt":"2025-06-26T13:27:25","slug":"tramites-estudiantes","status":"publish","type":"page","link":"https:\/\/gota.uns.edu.ar\/?page_id=1122","title":{"rendered":"Tr\u00e1mites estudiantes"},"content":{"rendered":"\t\t<div data-elementor-type=\"wp-page\" data-elementor-id=\"1122\" class=\"elementor elementor-1122\" data-elementor-post-type=\"page\">\n\t\t\t\t<div class=\"elementor-element elementor-element-37aa360 e-flex e-con-boxed e-con e-parent\" data-id=\"37aa360\" data-element_type=\"container\" data-core-v316-plus=\"true\">\n\t\t\t\t\t<div class=\"e-con-inner\">\n\t\t\t\t<div class=\"elementor-element elementor-element-2d9c3c7 elementor-widget elementor-widget-accordion\" data-id=\"2d9c3c7\" data-element_type=\"widget\" data-widget_type=\"accordion.default\">\n\t\t\t\t<div class=\"elementor-widget-container\">\n\t\t\t<style>\/*! elementor - v3.20.0 - 20-03-2024 *\/\n.elementor-accordion{text-align:left}.elementor-accordion .elementor-accordion-item{border:1px solid #d5d8dc}.elementor-accordion .elementor-accordion-item+.elementor-accordion-item{border-top:none}.elementor-accordion .elementor-tab-title{margin:0;padding:15px 20px;font-weight:700;line-height:1;cursor:pointer;outline:none}.elementor-accordion .elementor-tab-title .elementor-accordion-icon{display:inline-block;width:1.5em}.elementor-accordion .elementor-tab-title .elementor-accordion-icon svg{width:1em;height:1em}.elementor-accordion .elementor-tab-title .elementor-accordion-icon.elementor-accordion-icon-right{float:right;text-align:right}.elementor-accordion .elementor-tab-title .elementor-accordion-icon.elementor-accordion-icon-left{float:left;text-align:left}.elementor-accordion .elementor-tab-title .elementor-accordion-icon .elementor-accordion-icon-closed{display:block}.elementor-accordion .elementor-tab-title .elementor-accordion-icon .elementor-accordion-icon-opened,.elementor-accordion .elementor-tab-title.elementor-active .elementor-accordion-icon-closed{display:none}.elementor-accordion .elementor-tab-title.elementor-active .elementor-accordion-icon-opened{display:block}.elementor-accordion .elementor-tab-content{display:none;padding:15px 20px;border-top:1px solid #d5d8dc}@media (max-width:767px){.elementor-accordion .elementor-tab-title{padding:12px 15px}.elementor-accordion .elementor-tab-title .elementor-accordion-icon{width:1.2em}.elementor-accordion .elementor-tab-content{padding:7px 15px}}.e-con-inner>.elementor-widget-accordion,.e-con>.elementor-widget-accordion{width:var(--container-widget-width);--flex-grow:var(--container-widget-flex-grow)}<\/style>\t\t<div class=\"elementor-accordion\">\n\t\t\t\t\t\t\t<div class=\"elementor-accordion-item\">\n\t\t\t\t\t<div id=\"elementor-tab-title-4781\" class=\"elementor-tab-title\" data-tab=\"1\" role=\"button\" aria-controls=\"elementor-tab-content-4781\" aria-expanded=\"false\">\n\t\t\t\t\t\t\t\t\t\t\t\t\t<span class=\"elementor-accordion-icon elementor-accordion-icon-left\" aria-hidden=\"true\">\n\t\t\t\t\t\t\t\t\t\t\t\t\t\t\t<span class=\"elementor-accordion-icon-closed\"><svg class=\"e-font-icon-svg e-fas-plus\" viewBox=\"0 0 448 512\" xmlns=\"http:\/\/www.w3.org\/2000\/svg\"><path d=\"M416 208H272V64c0-17.67-14.33-32-32-32h-32c-17.67 0-32 14.33-32 32v144H32c-17.67 0-32 14.33-32 32v32c0 17.67 14.33 32 32 32h144v144c0 17.67 14.33 32 32 32h32c17.67 0 32-14.33 32-32V304h144c17.67 0 32-14.33 32-32v-32c0-17.67-14.33-32-32-32z\"><\/path><\/svg><\/span>\n\t\t\t\t\t\t\t\t<span class=\"elementor-accordion-icon-opened\"><svg class=\"e-font-icon-svg e-fas-minus\" viewBox=\"0 0 448 512\" xmlns=\"http:\/\/www.w3.org\/2000\/svg\"><path d=\"M416 208H32c-17.67 0-32 14.33-32 32v32c0 17.67 14.33 32 32 32h384c17.67 0 32-14.33 32-32v-32c0-17.67-14.33-32-32-32z\"><\/path><\/svg><\/span>\n\t\t\t\t\t\t\t\t\t\t\t\t\t\t<\/span>\n\t\t\t\t\t\t\t\t\t\t\t\t<a class=\"elementor-accordion-title\" tabindex=\"0\">OPTATIVAS<\/a>\n\t\t\t\t\t<\/div>\n\t\t\t\t\t<div id=\"elementor-tab-content-4781\" class=\"elementor-tab-content elementor-clearfix\" data-tab=\"1\" role=\"region\" aria-labelledby=\"elementor-tab-title-4781\"><p>Para elegir materias optativas se debe ingresar a la sesi\u00f3n del alumno a trav\u00e9s de\u00a0<span style=\"color: #0000ff;\"><a style=\"color: #0000ff;\" href=\"https:\/\/g3w.uns.edu.ar\/guarani3w\/inicial.php?q=CTwFOF83VWIHbFdtDTJaJ1UmAz5SdlJsA2wFRFRLVFZcI1hzWyBUY1M%2FVXAMMwBpDzEEf187AGdTLgMxVDdWMAljBXBfYVUwBzxXMw04WjtVYQNj\" target=\"_blank\" rel=\"noopener\">IntraALU<\/a><\/span>\u00a0y una vez all\u00ed, ir al men\u00fa Consultas,\u00a0<span style=\"color: #0000ff;\"><a style=\"color: #0000ff;\" href=\"http:\/\/www.geografiayturismo.uns.edu.ar\/uploads\/contenidos\/Oferta_de_Optativas_-_1%C3%82%C2%BA_2025.pdf\" target=\"_blank\" rel=\"noopener\">Optativas\u00a0 1\u00ba Cuatrimestre<\/a><\/span>\u00a0y\u00a0<span style=\"color: #0000ff;\"><a style=\"color: #0000ff;\" href=\"http:\/\/www.geografiayturismo.uns.edu.ar\/uploads\/contenidos\/Oferta_de_Optativas_-_2%C3%82%C2%BA_2024.pdf\" target=\"_blank\" rel=\"noopener\">Optativas\u00a02\u00ba Cuatrimestre\u00a0<\/a><\/span>completar el formulario. El mismo se debe descargar como PDF y enviar al correo\u00a0geografia@uns.edu.ar\u00a0(Secretar\u00eda del Departamento) para que luego el alumno pueda realizar la inscripci\u00f3n a cursado o examen libre de la\/s asignatura\/s.<\/p><ul><li><strong><em>Para cursar<\/em><\/strong><em>:<\/em>\u00a0se debe tener en cuenta el listado de materias ofrecidas para cada cuatrimestre y la fecha l\u00edmite para entregar el formulario en Secretar\u00eda\u00a0 es una semana antes del cierre de inscripci\u00f3n a cursadas de cada cuatrimestre.<\/li><li><strong><em>Para rendir libre:<\/em><\/strong>\u00a0la fecha l\u00edmite para entregar el formulario en Secretar\u00eda\u00a0 es una semana antes de la fecha de examen.<\/li><\/ul><p>Si \u00a0el alumno ya tiene pedidos de optativas vigentes, tiene la opci\u00f3n de\u00a0<strong><em>ratificarlas<\/em><\/strong>\u00a0(volviendo a seleccionar la asignatura),\u00a0<strong><em>darles de baja<\/em><\/strong>\u00a0(al no seleccionarla nuevamente) o\u00a0<strong><em>reemplazarla\u00a0<\/em><\/strong>(eligiendo otra en su lugar).<\/p><\/div>\n\t\t\t\t<\/div>\n\t\t\t\t\t\t\t<div class=\"elementor-accordion-item\">\n\t\t\t\t\t<div id=\"elementor-tab-title-4782\" class=\"elementor-tab-title\" data-tab=\"2\" role=\"button\" aria-controls=\"elementor-tab-content-4782\" aria-expanded=\"false\">\n\t\t\t\t\t\t\t\t\t\t\t\t\t<span class=\"elementor-accordion-icon elementor-accordion-icon-left\" aria-hidden=\"true\">\n\t\t\t\t\t\t\t\t\t\t\t\t\t\t\t<span class=\"elementor-accordion-icon-closed\"><svg class=\"e-font-icon-svg e-fas-plus\" viewBox=\"0 0 448 512\" xmlns=\"http:\/\/www.w3.org\/2000\/svg\"><path d=\"M416 208H272V64c0-17.67-14.33-32-32-32h-32c-17.67 0-32 14.33-32 32v144H32c-17.67 0-32 14.33-32 32v32c0 17.67 14.33 32 32 32h144v144c0 17.67 14.33 32 32 32h32c17.67 0 32-14.33 32-32V304h144c17.67 0 32-14.33 32-32v-32c0-17.67-14.33-32-32-32z\"><\/path><\/svg><\/span>\n\t\t\t\t\t\t\t\t<span class=\"elementor-accordion-icon-opened\"><svg class=\"e-font-icon-svg e-fas-minus\" viewBox=\"0 0 448 512\" xmlns=\"http:\/\/www.w3.org\/2000\/svg\"><path d=\"M416 208H32c-17.67 0-32 14.33-32 32v32c0 17.67 14.33 32 32 32h384c17.67 0 32-14.33 32-32v-32c0-17.67-14.33-32-32-32z\"><\/path><\/svg><\/span>\n\t\t\t\t\t\t\t\t\t\t\t\t\t\t<\/span>\n\t\t\t\t\t\t\t\t\t\t\t\t<a class=\"elementor-accordion-title\" tabindex=\"0\">ORIENTACIONES<\/a>\n\t\t\t\t\t<\/div>\n\t\t\t\t\t<div id=\"elementor-tab-content-4782\" class=\"elementor-tab-content elementor-clearfix\" data-tab=\"2\" role=\"region\" aria-labelledby=\"elementor-tab-title-4782\"><p>Para elegir la Orientaci\u00f3n, se debe ingresar a la sesi\u00f3n de Guaran\u00ed 3W y grabar lo seleccionado.<\/p><p>No se imprime la planilla.<\/p><p>Se debe realizar este tr\u00e1mite antes de anotarse a las cursadas de las asignaturas propias de la orientaci\u00f3n.<\/p><p>Si luego, el alumno decide cambiar de orientaci\u00f3n, debe concurrir a la Direcci\u00f3n de Gesti\u00f3n Acad\u00e9mica Curricular (DGAC) en Av. Alem 1015 y realizar all\u00ed la solicitud.<\/p><\/div>\n\t\t\t\t<\/div>\n\t\t\t\t\t\t\t<div class=\"elementor-accordion-item\">\n\t\t\t\t\t<div id=\"elementor-tab-title-4783\" class=\"elementor-tab-title\" data-tab=\"3\" role=\"button\" aria-controls=\"elementor-tab-content-4783\" aria-expanded=\"false\">\n\t\t\t\t\t\t\t\t\t\t\t\t\t<span class=\"elementor-accordion-icon elementor-accordion-icon-left\" aria-hidden=\"true\">\n\t\t\t\t\t\t\t\t\t\t\t\t\t\t\t<span class=\"elementor-accordion-icon-closed\"><svg class=\"e-font-icon-svg e-fas-plus\" viewBox=\"0 0 448 512\" xmlns=\"http:\/\/www.w3.org\/2000\/svg\"><path d=\"M416 208H272V64c0-17.67-14.33-32-32-32h-32c-17.67 0-32 14.33-32 32v144H32c-17.67 0-32 14.33-32 32v32c0 17.67 14.33 32 32 32h144v144c0 17.67 14.33 32 32 32h32c17.67 0 32-14.33 32-32V304h144c17.67 0 32-14.33 32-32v-32c0-17.67-14.33-32-32-32z\"><\/path><\/svg><\/span>\n\t\t\t\t\t\t\t\t<span class=\"elementor-accordion-icon-opened\"><svg class=\"e-font-icon-svg e-fas-minus\" viewBox=\"0 0 448 512\" xmlns=\"http:\/\/www.w3.org\/2000\/svg\"><path d=\"M416 208H32c-17.67 0-32 14.33-32 32v32c0 17.67 14.33 32 32 32h384c17.67 0 32-14.33 32-32v-32c0-17.67-14.33-32-32-32z\"><\/path><\/svg><\/span>\n\t\t\t\t\t\t\t\t\t\t\t\t\t\t<\/span>\n\t\t\t\t\t\t\t\t\t\t\t\t<a class=\"elementor-accordion-title\" tabindex=\"0\">EXTRACURRICULARES<\/a>\n\t\t\t\t\t<\/div>\n\t\t\t\t\t<div id=\"elementor-tab-content-4783\" class=\"elementor-tab-content elementor-clearfix\" data-tab=\"3\" role=\"region\" aria-labelledby=\"elementor-tab-title-4783\"><p>Para elegir materias extracurriculares se debe completar y firmar el\u00a0formulario\u00a0que se descarga de la sesi\u00f3n de Guaran\u00ed 3W, y consultar al docente responsable de la asignatura\u00a0si est\u00e1 en condiciones de poder cursarla.<\/p><p>Una vez hecho este paso, se debe enviar el formulario en la Secretar\u00eda Administrativa (geograf\u00eda@uns.edu.ar) para que sea autorizado, y luego el alumno pueda realizar la inscripci\u00f3n a cursado o examen libre de la\/s asignatura\/s.<\/p><p>La fecha l\u00edmite para la entrega del formulario en la Secretar\u00eda es\u00a0<strong>una semana antes<\/strong>\u00a0del cierre de inscripci\u00f3n a cursadas (si se desea cursar la materia) o de la fecha de examen (si se rinde libre).<\/p><\/div>\n\t\t\t\t<\/div>\n\t\t\t\t\t\t\t<div class=\"elementor-accordion-item\">\n\t\t\t\t\t<div id=\"elementor-tab-title-4784\" class=\"elementor-tab-title\" data-tab=\"4\" role=\"button\" aria-controls=\"elementor-tab-content-4784\" aria-expanded=\"false\">\n\t\t\t\t\t\t\t\t\t\t\t\t\t<span class=\"elementor-accordion-icon elementor-accordion-icon-left\" aria-hidden=\"true\">\n\t\t\t\t\t\t\t\t\t\t\t\t\t\t\t<span class=\"elementor-accordion-icon-closed\"><svg class=\"e-font-icon-svg e-fas-plus\" viewBox=\"0 0 448 512\" xmlns=\"http:\/\/www.w3.org\/2000\/svg\"><path d=\"M416 208H272V64c0-17.67-14.33-32-32-32h-32c-17.67 0-32 14.33-32 32v144H32c-17.67 0-32 14.33-32 32v32c0 17.67 14.33 32 32 32h144v144c0 17.67 14.33 32 32 32h32c17.67 0 32-14.33 32-32V304h144c17.67 0 32-14.33 32-32v-32c0-17.67-14.33-32-32-32z\"><\/path><\/svg><\/span>\n\t\t\t\t\t\t\t\t<span class=\"elementor-accordion-icon-opened\"><svg class=\"e-font-icon-svg e-fas-minus\" viewBox=\"0 0 448 512\" xmlns=\"http:\/\/www.w3.org\/2000\/svg\"><path d=\"M416 208H32c-17.67 0-32 14.33-32 32v32c0 17.67 14.33 32 32 32h384c17.67 0 32-14.33 32-32v-32c0-17.67-14.33-32-32-32z\"><\/path><\/svg><\/span>\n\t\t\t\t\t\t\t\t\t\t\t\t\t\t<\/span>\n\t\t\t\t\t\t\t\t\t\t\t\t<a class=\"elementor-accordion-title\" tabindex=\"0\">CERTIFICADOS<\/a>\n\t\t\t\t\t<\/div>\n\t\t\t\t\t<div id=\"elementor-tab-content-4784\" class=\"elementor-tab-content elementor-clearfix\" data-tab=\"4\" role=\"region\" aria-labelledby=\"elementor-tab-title-4784\"><p><span style=\"color: #0000ff;\"><a style=\"color: #0000ff;\" href=\"http:\/\/gota.uns.edu.ar\/wp-content\/uploads\/2025\/06\/certificado_de_examen.pdf\">Certificado de examen<\/a><\/span><\/p><p><span style=\"color: #0000ff;\"><a style=\"color: #0000ff;\" href=\"http:\/\/gota.uns.edu.ar\/wp-content\/uploads\/2025\/06\/Constancia_Viaje_de_Estudios.pdf\">Certificado de viaje de estudios<\/a><\/span><\/p><p><span style=\"color: #0000ff;\"><a style=\"color: #0000ff;\" href=\"http:\/\/gota.uns.edu.ar\/wp-content\/uploads\/2025\/06\/Certificado_horarios_asignaturas.pdf\"><strong>Certificado de horarios de clases<\/strong><\/a><\/span><\/p><\/div>\n\t\t\t\t<\/div>\n\t\t\t\t\t\t\t\t<\/div>\n\t\t\t\t<\/div>\n\t\t\t\t<\/div>\n\t\t\t\t\t<\/div>\n\t\t\t\t<\/div>\n\t\t\t\t<\/div>\n\t\t","protected":false},"excerpt":{"rendered":"<p>OPTATIVAS Para elegir materias optativas se debe ingresar a la sesi\u00f3n del alumno a trav\u00e9s de\u00a0IntraALU\u00a0y una vez all\u00ed, ir al men\u00fa Consultas,\u00a0Optativas\u00a0 1\u00ba Cuatrimestre\u00a0y\u00a0Optativas\u00a02\u00ba Cuatrimestre\u00a0completar el formulario. El mismo se debe descargar como PDF y enviar al correo\u00a0geografia@uns.edu.ar\u00a0(Secretar\u00eda del Departamento) para que luego el alumno pueda realizar la inscripci\u00f3n a cursado o examen libre [&hellip;]<\/p>\n","protected":false},"author":1,"featured_media":0,"parent":0,"menu_order":0,"comment_status":"closed","ping_status":"closed","template":"","meta":{"footnotes":""},"_links":{"self":[{"href":"https:\/\/gota.uns.edu.ar\/index.php?rest_route=\/wp\/v2\/pages\/1122"}],"collection":[{"href":"https:\/\/gota.uns.edu.ar\/index.php?rest_route=\/wp\/v2\/pages"}],"about":[{"href":"https:\/\/gota.uns.edu.ar\/index.php?rest_route=\/wp\/v2\/types\/page"}],"author":[{"embeddable":true,"href":"https:\/\/gota.uns.edu.ar\/index.php?rest_route=\/wp\/v2\/users\/1"}],"replies":[{"embeddable":true,"href":"https:\/\/gota.uns.edu.ar\/index.php?rest_route=%2Fwp%2Fv2%2Fcomments&post=1122"}],"version-history":[{"count":4,"href":"https:\/\/gota.uns.edu.ar\/index.php?rest_route=\/wp\/v2\/pages\/1122\/revisions"}],"predecessor-version":[{"id":1237,"href":"https:\/\/gota.uns.edu.ar\/index.php?rest_route=\/wp\/v2\/pages\/1122\/revisions\/1237"}],"wp:attachment":[{"href":"https:\/\/gota.uns.edu.ar\/index.php?rest_route=%2Fwp%2Fv2%2Fmedia&parent=1122"}],"curies":[{"name":"wp","href":"https:\/\/api.w.org\/{rel}","templated":true}]}}