{"id":229,"date":"2024-04-11T09:27:34","date_gmt":"2024-04-11T12:27:34","guid":{"rendered":"http:\/\/gota.uns.edu.ar\/?page_id=229"},"modified":"2026-03-13T11:44:57","modified_gmt":"2026-03-13T14:44:57","slug":"gota-2","status":"publish","type":"page","link":"https:\/\/gota.uns.edu.ar\/?page_id=229","title":{"rendered":"Gota"},"content":{"rendered":"\t\t<div data-elementor-type=\"wp-page\" data-elementor-id=\"229\" class=\"elementor elementor-229\" data-elementor-post-type=\"page\">\n\t\t\t\t<div class=\"elementor-element elementor-element-f792865 e-flex e-con-boxed e-con e-parent\" data-id=\"f792865\" data-element_type=\"container\" data-core-v316-plus=\"true\">\n\t\t\t\t\t<div class=\"e-con-inner\">\n\t\t<div class=\"elementor-element elementor-element-cfbf3a6 e-con-full e-flex e-con e-child\" data-id=\"cfbf3a6\" data-element_type=\"container\">\n\t\t\t\t<div class=\"elementor-element elementor-element-804706a elementor-widget elementor-widget-heading\" data-id=\"804706a\" data-element_type=\"widget\" data-widget_type=\"heading.default\">\n\t\t\t\t<div class=\"elementor-widget-container\">\n\t\t\t<style>\/*! elementor - v3.20.0 - 20-03-2024 *\/\n.elementor-heading-title{padding:0;margin:0;line-height:1}.elementor-widget-heading .elementor-heading-title[class*=elementor-size-]>a{color:inherit;font-size:inherit;line-height:inherit}.elementor-widget-heading .elementor-heading-title.elementor-size-small{font-size:15px}.elementor-widget-heading .elementor-heading-title.elementor-size-medium{font-size:19px}.elementor-widget-heading .elementor-heading-title.elementor-size-large{font-size:29px}.elementor-widget-heading .elementor-heading-title.elementor-size-xl{font-size:39px}.elementor-widget-heading .elementor-heading-title.elementor-size-xxl{font-size:59px}<\/style><h2 class=\"elementor-heading-title elementor-size-default\">BIENVENIDOS<\/h2>\t\t<\/div>\n\t\t\t\t<\/div>\n\t\t\t\t<\/div>\n\t\t<div class=\"elementor-element elementor-element-9e9ad94 e-con-full e-flex e-con e-child\" data-id=\"9e9ad94\" data-element_type=\"container\">\n\t\t\t\t<div class=\"elementor-element elementor-element-3018e81 elementor-widget elementor-widget-text-editor\" data-id=\"3018e81\" data-element_type=\"widget\" data-widget_type=\"text-editor.default\">\n\t\t\t\t<div class=\"elementor-widget-container\">\n\t\t\t<style>\/*! elementor - v3.20.0 - 20-03-2024 *\/\n.elementor-widget-text-editor.elementor-drop-cap-view-stacked .elementor-drop-cap{background-color:#69727d;color:#fff}.elementor-widget-text-editor.elementor-drop-cap-view-framed .elementor-drop-cap{color:#69727d;border:3px solid;background-color:transparent}.elementor-widget-text-editor:not(.elementor-drop-cap-view-default) .elementor-drop-cap{margin-top:8px}.elementor-widget-text-editor:not(.elementor-drop-cap-view-default) .elementor-drop-cap-letter{width:1em;height:1em}.elementor-widget-text-editor .elementor-drop-cap{float:left;text-align:center;line-height:1;font-size:50px}.elementor-widget-text-editor .elementor-drop-cap-letter{display:inline-block}<\/style>\t\t\t\t<p>Damos la bienvenida a todas las personas que visitan la Web del Departamento de Geograf\u00eda y Turismo de la Universidad Nacional del Sur.<\/p><p>En esta p\u00e1gina encontrar\u00e1n informaci\u00f3n acerca de la oferta acad\u00e9mica de grado y posgrado; sobre los docentes que constituyen esta unidad acad\u00e9mica y sus proyectos de investigaci\u00f3n y extensi\u00f3n. Tambi\u00e9n est\u00e1 disponible informaci\u00f3n con recomendaciones relacionadas con diversos tr\u00e1mites administrativos de utilidad para los alumnos.<\/p><p>Confiamos en que este medio pueda servir para establecer y mantener el contacto con los que han cursado estudios, los que est\u00e1n cursando o lo har\u00e1n en el futuro y, en general, a todos los interesados en su oferta acad\u00e9mica.<\/p>\t\t\t\t\t\t<\/div>\n\t\t\t\t<\/div>\n\t\t\t\t<\/div>\n\t\t\t\t\t<\/div>\n\t\t\t\t<\/div>\n\t\t<div class=\"elementor-element elementor-element-f914340 e-flex e-con-boxed e-con e-parent\" data-id=\"f914340\" data-element_type=\"container\" data-core-v316-plus=\"true\">\n\t\t\t\t\t<div class=\"e-con-inner\">\n\t\t<div class=\"elementor-element elementor-element-ca8794d e-con-full e-flex e-con e-child\" data-id=\"ca8794d\" data-element_type=\"container\">\n\t\t\t\t<div class=\"elementor-element elementor-element-bea2dc4 elementor-widget elementor-widget-heading\" data-id=\"bea2dc4\" data-element_type=\"widget\" data-widget_type=\"heading.default\">\n\t\t\t\t<div class=\"elementor-widget-container\">\n\t\t\t<h2 class=\"elementor-heading-title elementor-size-default\">HISTORIA<\/h2>\t\t<\/div>\n\t\t\t\t<\/div>\n\t\t\t\t<\/div>\n\t\t<div class=\"elementor-element elementor-element-c99de3f e-con-full e-flex e-con e-child\" data-id=\"c99de3f\" data-element_type=\"container\">\n\t\t\t\t<div class=\"elementor-element elementor-element-b42f576 elementor-widget elementor-widget-text-editor\" data-id=\"b42f576\" data-element_type=\"widget\" data-widget_type=\"text-editor.default\">\n\t\t\t\t<div class=\"elementor-widget-container\">\n\t\t\t\t\t\t\t<p>En el a\u00f1o 1956, se crea el Departamento de Geograf\u00eda, bajo la denominaci\u00f3n de &#8220;Geolog\u00eda y Geograf\u00eda&#8221;. Al a\u00f1o siguiente se inicia la Carrera de Licenciatura en Geograf\u00eda con una duraci\u00f3n de cuatro a\u00f1os y un a\u00f1o m\u00e1s en el cual se cursaban asignaturas espec\u00edficas de Pedagog\u00eda para obtener el t\u00edtulo de Profesor.<\/p><p>Conoc\u00e9 la historia <a href=\"http:\/\/gota.uns.edu.ar\/?page_id=976\"><strong><span style=\"color: #0000ff;\">aqu\u00ed<\/span><\/strong><\/a><\/p>\t\t\t\t\t\t<\/div>\n\t\t\t\t<\/div>\n\t\t\t\t<\/div>\n\t\t\t\t\t<\/div>\n\t\t\t\t<\/div>\n\t\t\t\t<\/div>\n\t\t","protected":false},"excerpt":{"rendered":"<p>BIENVENIDOS Damos la bienvenida a todas las personas que visitan la Web del Departamento de Geograf\u00eda y Turismo de la Universidad Nacional del Sur. En esta p\u00e1gina encontrar\u00e1n informaci\u00f3n acerca de la oferta acad\u00e9mica de grado y posgrado; sobre los docentes que constituyen esta unidad acad\u00e9mica y sus proyectos de investigaci\u00f3n y extensi\u00f3n. Tambi\u00e9n est\u00e1 [&hellip;]<\/p>\n","protected":false},"author":1,"featured_media":0,"parent":0,"menu_order":0,"comment_status":"closed","ping_status":"closed","template":"","meta":{"footnotes":""},"_links":{"self":[{"href":"https:\/\/gota.uns.edu.ar\/index.php?rest_route=\/wp\/v2\/pages\/229"}],"collection":[{"href":"https:\/\/gota.uns.edu.ar\/index.php?rest_route=\/wp\/v2\/pages"}],"about":[{"href":"https:\/\/gota.uns.edu.ar\/index.php?rest_route=\/wp\/v2\/types\/page"}],"author":[{"embeddable":true,"href":"https:\/\/gota.uns.edu.ar\/index.php?rest_route=\/wp\/v2\/users\/1"}],"replies":[{"embeddable":true,"href":"https:\/\/gota.uns.edu.ar\/index.php?rest_route=%2Fwp%2Fv2%2Fcomments&post=229"}],"version-history":[{"count":22,"href":"https:\/\/gota.uns.edu.ar\/index.php?rest_route=\/wp\/v2\/pages\/229\/revisions"}],"predecessor-version":[{"id":1502,"href":"https:\/\/gota.uns.edu.ar\/index.php?rest_route=\/wp\/v2\/pages\/229\/revisions\/1502"}],"wp:attachment":[{"href":"https:\/\/gota.uns.edu.ar\/index.php?rest_route=%2Fwp%2Fv2%2Fmedia&parent=229"}],"curies":[{"name":"wp","href":"https:\/\/api.w.org\/{rel}","templated":true}]}}