{"id":37,"date":"2024-04-08T14:19:17","date_gmt":"2024-04-08T17:19:17","guid":{"rendered":"http:\/\/gota.uns.edu.ar\/?page_id=37"},"modified":"2025-06-04T18:02:45","modified_gmt":"2025-06-04T21:02:45","slug":"arquitectura","status":"publish","type":"page","link":"https:\/\/gota.uns.edu.ar\/?page_id=37","title":{"rendered":"Arquitectura"},"content":{"rendered":"\t\t<div data-elementor-type=\"wp-page\" data-elementor-id=\"37\" class=\"elementor elementor-37\" data-elementor-post-type=\"page\">\n\t\t\t\t<div class=\"elementor-element elementor-element-fdc90d6 e-flex e-con-boxed e-con e-parent\" data-id=\"fdc90d6\" data-element_type=\"container\" data-settings=\"{&quot;background_background&quot;:&quot;classic&quot;}\" data-core-v316-plus=\"true\">\n\t\t\t\t\t<div class=\"e-con-inner\">\n\t\t<div class=\"elementor-element elementor-element-7ae606b e-con-full e-flex e-con e-child\" data-id=\"7ae606b\" data-element_type=\"container\" data-settings=\"{&quot;background_background&quot;:&quot;classic&quot;}\">\n\t\t\t\t<div class=\"elementor-element elementor-element-e5ac84c elementor-widget elementor-widget-image\" data-id=\"e5ac84c\" data-element_type=\"widget\" data-widget_type=\"image.default\">\n\t\t\t\t<div class=\"elementor-widget-container\">\n\t\t\t<style>\/*! elementor - v3.20.0 - 20-03-2024 *\/\n.elementor-widget-image{text-align:center}.elementor-widget-image a{display:inline-block}.elementor-widget-image a img[src$=\".svg\"]{width:48px}.elementor-widget-image img{vertical-align:middle;display:inline-block}<\/style>\t\t\t\t\t\t\t\t\t\t\t<a href=\"http:\/\/gota.uns.edu.ar\/?page_id=229\" target=\"_blank\">\n\t\t\t\t\t\t\t<img fetchpriority=\"high\" decoding=\"async\" width=\"400\" height=\"150\" src=\"https:\/\/gota.uns.edu.ar\/wp-content\/uploads\/2024\/03\/logo_gota_blanco.png\" class=\"attachment-large size-large wp-image-20\" alt=\"\" srcset=\"https:\/\/gota.uns.edu.ar\/wp-content\/uploads\/2024\/03\/logo_gota_blanco.png 400w, https:\/\/gota.uns.edu.ar\/wp-content\/uploads\/2024\/03\/logo_gota_blanco-300x113.png 300w\" sizes=\"(max-width: 400px) 100vw, 400px\" \/>\t\t\t\t\t\t\t\t<\/a>\n\t\t\t\t\t\t\t\t\t\t\t\t\t<\/div>\n\t\t\t\t<\/div>\n\t\t\t\t<\/div>\n\t\t<div class=\"elementor-element elementor-element-d0d2e69 e-con-full e-flex e-con e-child\" data-id=\"d0d2e69\" data-element_type=\"container\" data-settings=\"{&quot;background_background&quot;:&quot;classic&quot;}\">\n\t\t\t\t<div class=\"elementor-element elementor-element-e2e0b7a elementor-widget elementor-widget-image\" data-id=\"e2e0b7a\" data-element_type=\"widget\" data-widget_type=\"image.default\">\n\t\t\t\t<div class=\"elementor-widget-container\">\n\t\t\t\t\t\t\t\t\t\t\t\t\t\t<a href=\"https:\/\/www.uns.edu.ar\/\" target=\"_blank\">\n\t\t\t\t\t\t\t<img decoding=\"async\" width=\"800\" height=\"454\" src=\"https:\/\/gota.uns.edu.ar\/wp-content\/uploads\/2024\/04\/logo_uns_blanco.png\" class=\"attachment-large size-large wp-image-80\" alt=\"\" srcset=\"https:\/\/gota.uns.edu.ar\/wp-content\/uploads\/2024\/04\/logo_uns_blanco.png 959w, https:\/\/gota.uns.edu.ar\/wp-content\/uploads\/2024\/04\/logo_uns_blanco-300x170.png 300w, https:\/\/gota.uns.edu.ar\/wp-content\/uploads\/2024\/04\/logo_uns_blanco-768x436.png 768w\" sizes=\"(max-width: 800px) 100vw, 800px\" \/>\t\t\t\t\t\t\t\t<\/a>\n\t\t\t\t\t\t\t\t\t\t\t\t\t<\/div>\n\t\t\t\t<\/div>\n\t\t\t\t<\/div>\n\t\t<div class=\"elementor-element elementor-element-771d7e8 e-con-full e-flex e-con e-child\" data-id=\"771d7e8\" data-element_type=\"container\" data-settings=\"{&quot;background_background&quot;:&quot;classic&quot;}\">\n\t\t\t\t<div class=\"elementor-element elementor-element-a025a46 elementor-widget elementor-widget-heading\" data-id=\"a025a46\" data-element_type=\"widget\" data-widget_type=\"heading.default\">\n\t\t\t\t<div class=\"elementor-widget-container\">\n\t\t\t<style>\/*! elementor - v3.20.0 - 20-03-2024 *\/\n.elementor-heading-title{padding:0;margin:0;line-height:1}.elementor-widget-heading .elementor-heading-title[class*=elementor-size-]>a{color:inherit;font-size:inherit;line-height:inherit}.elementor-widget-heading .elementor-heading-title.elementor-size-small{font-size:15px}.elementor-widget-heading .elementor-heading-title.elementor-size-medium{font-size:19px}.elementor-widget-heading .elementor-heading-title.elementor-size-large{font-size:29px}.elementor-widget-heading .elementor-heading-title.elementor-size-xl{font-size:39px}.elementor-widget-heading .elementor-heading-title.elementor-size-xxl{font-size:59px}<\/style><h1 class=\"elementor-heading-title elementor-size-default\">ARQUITECTURA<\/h1>\t\t<\/div>\n\t\t\t\t<\/div>\n\t\t\t\t<\/div>\n\t\t\t\t\t<\/div>\n\t\t\t\t<\/div>\n\t\t<div class=\"elementor-element elementor-element-187daed e-flex e-con-boxed e-con e-parent\" data-id=\"187daed\" data-element_type=\"container\" data-settings=\"{&quot;background_background&quot;:&quot;classic&quot;}\" data-core-v316-plus=\"true\">\n\t\t\t\t\t<div class=\"e-con-inner\">\n\t\t<div class=\"elementor-element elementor-element-44e1f67 e-con-full e-flex e-con e-child\" data-id=\"44e1f67\" data-element_type=\"container\" data-settings=\"{&quot;background_background&quot;:&quot;classic&quot;}\">\n\t\t\t\t<div class=\"elementor-element elementor-element-74e0865 elementor-widget elementor-widget-heading\" data-id=\"74e0865\" data-element_type=\"widget\" data-widget_type=\"heading.default\">\n\t\t\t\t<div class=\"elementor-widget-container\">\n\t\t\t<h2 class=\"elementor-heading-title elementor-size-default\"><a href=\"http:\/\/gota.uns.edu.ar\/?page_id=31\">GEOGRAF\u00cdA<\/a><\/h2>\t\t<\/div>\n\t\t\t\t<\/div>\n\t\t\t\t<\/div>\n\t\t<div class=\"elementor-element elementor-element-0a94627 e-con-full e-flex e-con e-child\" data-id=\"0a94627\" data-element_type=\"container\" data-settings=\"{&quot;background_background&quot;:&quot;classic&quot;}\">\n\t\t\t\t<div class=\"elementor-element elementor-element-0797eaf elementor-widget elementor-widget-heading\" data-id=\"0797eaf\" data-element_type=\"widget\" data-widget_type=\"heading.default\">\n\t\t\t\t<div class=\"elementor-widget-container\">\n\t\t\t<h2 class=\"elementor-heading-title elementor-size-default\"><a href=\"http:\/\/gota.uns.edu.ar\/?page_id=35\">OCEANOGRAF\u00cdA<\/a><\/h2>\t\t<\/div>\n\t\t\t\t<\/div>\n\t\t\t\t<\/div>\n\t\t<div class=\"elementor-element elementor-element-a806094 e-con-full e-flex e-con e-child\" data-id=\"a806094\" data-element_type=\"container\" data-settings=\"{&quot;background_background&quot;:&quot;classic&quot;}\">\n\t\t\t\t<div class=\"elementor-element elementor-element-256e551 elementor-widget elementor-widget-heading\" data-id=\"256e551\" data-element_type=\"widget\" data-widget_type=\"heading.default\">\n\t\t\t\t<div class=\"elementor-widget-container\">\n\t\t\t<h2 class=\"elementor-heading-title elementor-size-default\"><a href=\"http:\/\/gota.uns.edu.ar\/?page_id=33\">TURISMO<\/a><\/h2>\t\t<\/div>\n\t\t\t\t<\/div>\n\t\t\t\t<\/div>\n\t\t<div class=\"elementor-element elementor-element-f8358ee e-con-full e-flex e-con e-child\" data-id=\"f8358ee\" data-element_type=\"container\" data-settings=\"{&quot;background_background&quot;:&quot;classic&quot;}\">\n\t\t\t\t<div class=\"elementor-element elementor-element-b4a66ad elementor-widget elementor-widget-heading\" data-id=\"b4a66ad\" data-element_type=\"widget\" data-widget_type=\"heading.default\">\n\t\t\t\t<div class=\"elementor-widget-container\">\n\t\t\t<h2 class=\"elementor-heading-title elementor-size-default\"><a href=\"http:\/\/gota.uns.edu.ar\/?page_id=37\">ARQUITECTURA<\/a><\/h2>\t\t<\/div>\n\t\t\t\t<\/div>\n\t\t\t\t<\/div>\n\t\t\t\t\t<\/div>\n\t\t\t\t<\/div>\n\t\t<div class=\"elementor-element elementor-element-ced3737 e-flex e-con-boxed e-con e-parent\" data-id=\"ced3737\" data-element_type=\"container\" data-settings=\"{&quot;background_background&quot;:&quot;classic&quot;}\" data-core-v316-plus=\"true\">\n\t\t\t\t\t<div class=\"e-con-inner\">\n\t\t<div class=\"elementor-element elementor-element-00b8d0d e-con-full e-flex e-con e-child\" data-id=\"00b8d0d\" data-element_type=\"container\">\n\t\t\t\t<div class=\"elementor-element elementor-element-6edc74b elementor-widget elementor-widget-heading\" data-id=\"6edc74b\" data-element_type=\"widget\" data-widget_type=\"heading.default\">\n\t\t\t\t<div class=\"elementor-widget-container\">\n\t\t\t<h2 class=\"elementor-heading-title elementor-size-default\">ESTUDI\u00c1 <BR>\nCON NOSOTROS<\/h2>\t\t<\/div>\n\t\t\t\t<\/div>\n\t\t\t\t<div class=\"elementor-element elementor-element-e483bb1 elementor-widget elementor-widget-text-editor\" data-id=\"e483bb1\" data-element_type=\"widget\" data-widget_type=\"text-editor.default\">\n\t\t\t\t<div class=\"elementor-widget-container\">\n\t\t\t<style>\/*! elementor - v3.20.0 - 20-03-2024 *\/\n.elementor-widget-text-editor.elementor-drop-cap-view-stacked .elementor-drop-cap{background-color:#69727d;color:#fff}.elementor-widget-text-editor.elementor-drop-cap-view-framed .elementor-drop-cap{color:#69727d;border:3px solid;background-color:transparent}.elementor-widget-text-editor:not(.elementor-drop-cap-view-default) .elementor-drop-cap{margin-top:8px}.elementor-widget-text-editor:not(.elementor-drop-cap-view-default) .elementor-drop-cap-letter{width:1em;height:1em}.elementor-widget-text-editor .elementor-drop-cap{float:left;text-align:center;line-height:1;font-size:50px}.elementor-widget-text-editor .elementor-drop-cap-letter{display:inline-block}<\/style>\t\t\t\t<p>TE DAMOS LAS HERRAMIENTAS <br \/>PARA ESPECIALIZARTE EN ESTE CAMPO.<br \/>S\u00c9 PARTE DE NUESTRO DEPARTAMENTO<br \/>Y POTENCI\u00c1 TUS ESPECTATIVAS AL M\u00c1XIMO<\/p>\t\t\t\t\t\t<\/div>\n\t\t\t\t<\/div>\n\t\t\t\t<\/div>\n\t\t<div class=\"elementor-element elementor-element-36bd1bf e-con-full elementor-hidden-mobile e-flex e-con e-child\" data-id=\"36bd1bf\" data-element_type=\"container\">\n\t\t\t\t<\/div>\n\t\t\t\t\t<\/div>\n\t\t\t\t<\/div>\n\t\t<div class=\"elementor-element elementor-element-49f2825 e-flex e-con-boxed e-con e-parent\" data-id=\"49f2825\" data-element_type=\"container\" data-settings=\"{&quot;background_background&quot;:&quot;classic&quot;}\" data-core-v316-plus=\"true\">\n\t\t\t\t\t<div class=\"e-con-inner\">\n\t\t\t\t<div class=\"elementor-element elementor-element-cc03f4e elementor-widget elementor-widget-heading\" data-id=\"cc03f4e\" data-element_type=\"widget\" data-widget_type=\"heading.default\">\n\t\t\t\t<div class=\"elementor-widget-container\">\n\t\t\t<h2 class=\"elementor-heading-title elementor-size-default\">EL DEPARTAMENTO TE BRINDA ESTA OPCI\u00d3N PARA EMPEZAR A DESARROLLAR \nTU CARRERA PROFESIONAL <br><i>\n<\/i><\/h2>\t\t<\/div>\n\t\t\t\t<\/div>\n\t\t\t\t\t<\/div>\n\t\t\t\t<\/div>\n\t\t<div class=\"elementor-element elementor-element-8a41cae e-flex e-con-boxed e-con e-parent\" data-id=\"8a41cae\" data-element_type=\"container\" data-core-v316-plus=\"true\">\n\t\t\t\t\t<div class=\"e-con-inner\">\n\t\t<div class=\"elementor-element elementor-element-b6d6d74 e-con-full e-flex e-con e-child\" data-id=\"b6d6d74\" data-element_type=\"container\" data-settings=\"{&quot;background_background&quot;:&quot;classic&quot;}\">\n\t\t\t\t<div class=\"elementor-element elementor-element-90e8bd5 elementor-view-default elementor-position-top elementor-mobile-position-top elementor-widget elementor-widget-icon-box\" data-id=\"90e8bd5\" data-element_type=\"widget\" data-widget_type=\"icon-box.default\">\n\t\t\t\t<div class=\"elementor-widget-container\">\n\t\t\t<link rel=\"stylesheet\" href=\"https:\/\/gota.uns.edu.ar\/wp-content\/plugins\/elementor\/assets\/css\/widget-icon-box.min.css\">\t\t<div class=\"elementor-icon-box-wrapper\">\n\t\t\t\t\t\t<div class=\"elementor-icon-box-icon\">\n\t\t\t\t<span  class=\"elementor-icon elementor-animation-\">\n\t\t\t\t<svg aria-hidden=\"true\" class=\"e-font-icon-svg e-far-circle\" viewBox=\"0 0 512 512\" xmlns=\"http:\/\/www.w3.org\/2000\/svg\"><path d=\"M256 8C119 8 8 119 8 256s111 248 248 248 248-111 248-248S393 8 256 8zm0 448c-110.5 0-200-89.5-200-200S145.5 56 256 56s200 89.5 200 200-89.5 200-200 200z\"><\/path><\/svg>\t\t\t\t<\/span>\n\t\t\t<\/div>\n\t\t\t\t\t\t<div class=\"elementor-icon-box-content\">\n\t\t\t\t<h3 class=\"elementor-icon-box-title\">\n\t\t\t\t\t<span  >\n\t\t\t\t\t\tArquitectura<br><br>\t\t\t\t\t<\/span>\n\t\t\t\t<\/h3>\n\t\t\t\t\t\t\t\t\t<p class=\"elementor-icon-box-description\">\n\t\t\t\t\t\tPlaneamiento estrat\u00e9gico ambiental y urbano.<br>\nParticipaci\u00f3n dentro de equipos interdisciplinarios en el dise\u00f1o <br>\nde operaciones de intervenci\u00f3n en la ciudad.<br>\nintervenci\u00f3n y administraci\u00f3n del patrimonio urbano, <br>\narquitect\u00f3nico y cultural.\t\t\t\t\t<\/p>\n\t\t\t\t\t\t\t<\/div>\n\t\t<\/div>\n\t\t\t\t<\/div>\n\t\t\t\t<\/div>\n\t\t<div class=\"elementor-element elementor-element-3cc55e3 e-grid e-con-boxed e-con e-child\" data-id=\"3cc55e3\" data-element_type=\"container\">\n\t\t\t\t\t<div class=\"e-con-inner\">\n\t\t\t\t<div class=\"elementor-element elementor-element-ac1b9a0 elementor-widget elementor-widget-counter\" data-id=\"ac1b9a0\" data-element_type=\"widget\" data-widget_type=\"counter.default\">\n\t\t\t\t<div class=\"elementor-widget-container\">\n\t\t\t<style>\/*! elementor - v3.20.0 - 20-03-2024 *\/\n.elementor-counter .elementor-counter-number-wrapper{display:flex;font-size:69px;font-weight:600;line-height:1}.elementor-counter .elementor-counter-number-prefix,.elementor-counter .elementor-counter-number-suffix{flex-grow:1;white-space:pre-wrap}.elementor-counter .elementor-counter-number-prefix{text-align:right}.elementor-counter .elementor-counter-number-suffix{text-align:left}.elementor-counter .elementor-counter-title{text-align:center;font-size:19px;font-weight:400;line-height:2.5}<\/style>\t\t<div class=\"elementor-counter\">\n\t\t\t<div class=\"elementor-counter-number-wrapper\">\n\t\t\t\t<span class=\"elementor-counter-number-prefix\"><\/span>\n\t\t\t\t<span class=\"elementor-counter-number\" data-duration=\"2000\" data-to-value=\"10\" data-from-value=\"1\">1<\/span>\n\t\t\t\t<span class=\"elementor-counter-number-suffix\"><\/span>\n\t\t\t<\/div>\n\t\t\t\t\t\t\t<div class=\"elementor-counter-title\">CUATRIMESTRES<\/div>\n\t\t\t\t\t<\/div>\n\t\t\t\t<\/div>\n\t\t\t\t<\/div>\n\t\t\t\t<div class=\"elementor-element elementor-element-03e2ab2 elementor-widget elementor-widget-counter\" data-id=\"03e2ab2\" data-element_type=\"widget\" data-widget_type=\"counter.default\">\n\t\t\t\t<div class=\"elementor-widget-container\">\n\t\t\t\t\t<div class=\"elementor-counter\">\n\t\t\t<div class=\"elementor-counter-number-wrapper\">\n\t\t\t\t<span class=\"elementor-counter-number-prefix\"><\/span>\n\t\t\t\t<span class=\"elementor-counter-number\" data-duration=\"2000\" data-to-value=\"35\" data-from-value=\"1\">1<\/span>\n\t\t\t\t<span class=\"elementor-counter-number-suffix\"><\/span>\n\t\t\t<\/div>\n\t\t\t\t\t\t\t<div class=\"elementor-counter-title\">MATERIAS<\/div>\n\t\t\t\t\t<\/div>\n\t\t\t\t<\/div>\n\t\t\t\t<\/div>\n\t\t\t\t<div class=\"elementor-element elementor-element-2addcd0 elementor-align-center elementor-widget elementor-widget-button\" data-id=\"2addcd0\" data-element_type=\"widget\" data-widget_type=\"button.default\">\n\t\t\t\t<div class=\"elementor-widget-container\">\n\t\t\t\t\t<div class=\"elementor-button-wrapper\">\n\t\t\t<a class=\"elementor-button elementor-button-link elementor-size-sm\" href=\"https:\/\/servicios.uns.edu.ar\/grado\/plan.asp?dependen=12&#038;carrera=197\" target=\"_blank\">\n\t\t\t\t\t\t<span class=\"elementor-button-content-wrapper\">\n\t\t\t\t\t\t<span class=\"elementor-button-text\">PLAN DE<BR>ESTUDIO<\/span>\n\t\t<\/span>\n\t\t\t\t\t<\/a>\n\t\t<\/div>\n\t\t\t\t<\/div>\n\t\t\t\t<\/div>\n\t\t\t\t\t<\/div>\n\t\t\t\t<\/div>\n\t\t\t\t<\/div>\n\t\t\t\t\t<\/div>\n\t\t\t\t<\/div>\n\t\t<div class=\"elementor-element elementor-element-92b5733 e-flex e-con-boxed e-con e-parent\" data-id=\"92b5733\" data-element_type=\"container\" data-settings=\"{&quot;background_background&quot;:&quot;classic&quot;}\" data-core-v316-plus=\"true\">\n\t\t\t\t\t<div class=\"e-con-inner\">\n\t\t\t\t<div class=\"elementor-element elementor-element-0ba8763 elementor-widget elementor-widget-heading\" data-id=\"0ba8763\" data-element_type=\"widget\" data-widget_type=\"heading.default\">\n\t\t\t\t<div class=\"elementor-widget-container\">\n\t\t\t<h3 class=\"elementor-heading-title elementor-size-default\">Te invitamos a recorrer la p\u00e1gina del departamento<br> y a contactar con nosotros.<\/h3>\t\t<\/div>\n\t\t\t\t<\/div>\n\t\t\t\t<div class=\"elementor-element elementor-element-7cefd7c elementor-widget elementor-widget-heading\" data-id=\"7cefd7c\" data-element_type=\"widget\" data-widget_type=\"heading.default\">\n\t\t\t\t<div class=\"elementor-widget-container\">\n\t\t\t<h1 class=\"elementor-heading-title elementor-size-default\">BIENVENIDOS<\/h1>\t\t<\/div>\n\t\t\t\t<\/div>\n\t\t\t\t<div class=\"elementor-element elementor-element-8b4f89f elementor-align-center elementor-widget elementor-widget-button\" data-id=\"8b4f89f\" data-element_type=\"widget\" data-widget_type=\"button.default\">\n\t\t\t\t<div class=\"elementor-widget-container\">\n\t\t\t\t\t<div class=\"elementor-button-wrapper\">\n\t\t\t<a class=\"elementor-button elementor-button-link elementor-size-sm\" href=\"http:\/\/gota.uns.edu.ar\/?page_id=229\">\n\t\t\t\t\t\t<span class=\"elementor-button-content-wrapper\">\n\t\t\t\t\t\t<span class=\"elementor-button-text\">Ingresar a GOTA<\/span>\n\t\t<\/span>\n\t\t\t\t\t<\/a>\n\t\t<\/div>\n\t\t\t\t<\/div>\n\t\t\t\t<\/div>\n\t\t\t\t\t<\/div>\n\t\t\t\t<\/div>\n\t\t<div class=\"elementor-element elementor-element-91d3351 e-flex e-con-boxed e-con e-parent\" data-id=\"91d3351\" data-element_type=\"container\" data-settings=\"{&quot;background_background&quot;:&quot;classic&quot;}\" data-core-v316-plus=\"true\">\n\t\t\t\t\t<div class=\"e-con-inner\">\n\t\t<div class=\"elementor-element elementor-element-4b53a27 e-con-full e-flex e-con e-child\" data-id=\"4b53a27\" data-element_type=\"container\">\n\t\t\t\t<div class=\"elementor-element elementor-element-1750500 elementor-widget elementor-widget-heading\" data-id=\"1750500\" data-element_type=\"widget\" data-widget_type=\"heading.default\">\n\t\t\t\t<div class=\"elementor-widget-container\">\n\t\t\t<h3 class=\"elementor-heading-title elementor-size-default\">\u00bfNecesitas  info sobre los tr\u00e1mites<br>\npara el ingreso?<\/h3>\t\t<\/div>\n\t\t\t\t<\/div>\n\t\t\t\t<\/div>\n\t\t<div class=\"elementor-element elementor-element-76d7455 e-con-full e-flex e-con e-child\" data-id=\"76d7455\" data-element_type=\"container\">\n\t\t\t\t<div class=\"elementor-element elementor-element-9eb99c2 elementor-align-center elementor-widget elementor-widget-button\" data-id=\"9eb99c2\" data-element_type=\"widget\" data-widget_type=\"button.default\">\n\t\t\t\t<div class=\"elementor-widget-container\">\n\t\t\t\t\t<div class=\"elementor-button-wrapper\">\n\t\t\t<a class=\"elementor-button elementor-button-link elementor-size-sm\" href=\"https:\/\/www.uns.edu.ar\/ingreso\/inicio\" target=\"_blank\">\n\t\t\t\t\t\t<span class=\"elementor-button-content-wrapper\">\n\t\t\t\t\t\t<span class=\"elementor-button-text\">ir a INGRESO<\/span>\n\t\t<\/span>\n\t\t\t\t\t<\/a>\n\t\t<\/div>\n\t\t\t\t<\/div>\n\t\t\t\t<\/div>\n\t\t\t\t<\/div>\n\t\t\t\t\t<\/div>\n\t\t\t\t<\/div>\n\t\t<div class=\"elementor-element elementor-element-d3cb2b4 e-flex e-con-boxed e-con e-parent\" data-id=\"d3cb2b4\" data-element_type=\"container\" data-settings=\"{&quot;background_background&quot;:&quot;classic&quot;}\" data-core-v316-plus=\"true\">\n\t\t\t\t\t<div class=\"e-con-inner\">\n\t\t<div class=\"elementor-element elementor-element-8f862a0 e-con-full e-flex e-con e-child\" data-id=\"8f862a0\" data-element_type=\"container\">\n\t\t\t\t<div class=\"elementor-element elementor-element-ea66976 elementor-widget elementor-widget-image\" data-id=\"ea66976\" data-element_type=\"widget\" data-widget_type=\"image.default\">\n\t\t\t\t<div class=\"elementor-widget-container\">\n\t\t\t\t\t\t\t\t\t\t\t\t\t\t<a href=\"http:\/\/gota.uns.edu.ar\/?page_id=229\">\n\t\t\t\t\t\t\t<img decoding=\"async\" width=\"200\" height=\"200\" src=\"https:\/\/gota.uns.edu.ar\/wp-content\/uploads\/2024\/03\/gota_icono.png\" class=\"attachment-large size-large wp-image-24\" alt=\"\" srcset=\"https:\/\/gota.uns.edu.ar\/wp-content\/uploads\/2024\/03\/gota_icono.png 200w, https:\/\/gota.uns.edu.ar\/wp-content\/uploads\/2024\/03\/gota_icono-150x150.png 150w\" sizes=\"(max-width: 200px) 100vw, 200px\" \/>\t\t\t\t\t\t\t\t<\/a>\n\t\t\t\t\t\t\t\t\t\t\t\t\t<\/div>\n\t\t\t\t<\/div>\n\t\t\t\t<\/div>\n\t\t<div class=\"elementor-element elementor-element-1ab07cf e-con-full e-flex e-con e-child\" data-id=\"1ab07cf\" data-element_type=\"container\">\n\t\t\t\t<div class=\"elementor-element elementor-element-9d4528d elementor-widget elementor-widget-text-editor\" data-id=\"9d4528d\" data-element_type=\"widget\" data-widget_type=\"text-editor.default\">\n\t\t\t\t<div class=\"elementor-widget-container\">\n\t\t\t\t\t\t\t<p>Departamento de Geograf\u00eda y Turismo<\/p>\n<p>Universidad Nacional del Sur<\/p>\n<p>12 de Octubre 1098 4\u00b0 Piso &#8211; Bah\u00eda Blanca, Buenos Aires, Argentina.<\/p>\n<p>Tel\u00e9fono: (54)(291) 4595144<\/p>\t\t\t\t\t\t<\/div>\n\t\t\t\t<\/div>\n\t\t\t\t<\/div>\n\t\t<div class=\"elementor-element elementor-element-c51d848 e-con-full e-flex e-con e-child\" data-id=\"c51d848\" data-element_type=\"container\">\n\t\t\t\t<div class=\"elementor-element elementor-element-6303887 elementor-widget elementor-widget-image\" data-id=\"6303887\" data-element_type=\"widget\" data-widget_type=\"image.default\">\n\t\t\t\t<div class=\"elementor-widget-container\">\n\t\t\t\t\t\t\t\t\t\t\t\t\t\t<a href=\"https:\/\/www.uns.edu.ar\/\" target=\"_blank\">\n\t\t\t\t\t\t\t<img decoding=\"async\" width=\"800\" height=\"454\" src=\"https:\/\/gota.uns.edu.ar\/wp-content\/uploads\/2024\/04\/logo_uns_blanco.png\" class=\"attachment-large size-large wp-image-80\" alt=\"\" srcset=\"https:\/\/gota.uns.edu.ar\/wp-content\/uploads\/2024\/04\/logo_uns_blanco.png 959w, https:\/\/gota.uns.edu.ar\/wp-content\/uploads\/2024\/04\/logo_uns_blanco-300x170.png 300w, https:\/\/gota.uns.edu.ar\/wp-content\/uploads\/2024\/04\/logo_uns_blanco-768x436.png 768w\" sizes=\"(max-width: 800px) 100vw, 800px\" \/>\t\t\t\t\t\t\t\t<\/a>\n\t\t\t\t\t\t\t\t\t\t\t\t\t<\/div>\n\t\t\t\t<\/div>\n\t\t\t\t<\/div>\n\t\t\t\t\t<\/div>\n\t\t\t\t<\/div>\n\t\t<div class=\"elementor-element elementor-element-04788de e-flex e-con-boxed e-con e-parent\" data-id=\"04788de\" data-element_type=\"container\" data-settings=\"{&quot;background_background&quot;:&quot;classic&quot;}\" data-core-v316-plus=\"true\">\n\t\t\t\t\t<div class=\"e-con-inner\">\n\t\t<div class=\"elementor-element elementor-element-601226e e-con-full e-flex e-con e-child\" data-id=\"601226e\" data-element_type=\"container\" data-settings=\"{&quot;background_background&quot;:&quot;classic&quot;}\">\n\t\t\t\t<\/div>\n\t\t<div class=\"elementor-element elementor-element-1e688ef e-con-full e-flex e-con e-child\" data-id=\"1e688ef\" data-element_type=\"container\" data-settings=\"{&quot;background_background&quot;:&quot;classic&quot;}\">\n\t\t\t\t<\/div>\n\t\t<div class=\"elementor-element elementor-element-257ae4b e-con-full e-flex e-con e-child\" data-id=\"257ae4b\" data-element_type=\"container\" data-settings=\"{&quot;background_background&quot;:&quot;classic&quot;}\">\n\t\t\t\t<\/div>\n\t\t<div class=\"elementor-element elementor-element-feff3f8 e-con-full e-flex e-con e-child\" data-id=\"feff3f8\" data-element_type=\"container\" data-settings=\"{&quot;background_background&quot;:&quot;classic&quot;}\">\n\t\t\t\t<\/div>\n\t\t\t\t\t<\/div>\n\t\t\t\t<\/div>\n\t\t\t\t<\/div>\n\t\t","protected":false},"excerpt":{"rendered":"<p>ARQUITECTURA GEOGRAF\u00cdA OCEANOGRAF\u00cdA TURISMO ARQUITECTURA ESTUDI\u00c1 CON NOSOTROS TE DAMOS LAS HERRAMIENTAS PARA ESPECIALIZARTE EN ESTE CAMPO.S\u00c9 PARTE DE NUESTRO DEPARTAMENTOY POTENCI\u00c1 TUS ESPECTATIVAS AL M\u00c1XIMO EL DEPARTAMENTO TE BRINDA ESTA OPCI\u00d3N PARA EMPEZAR A DESARROLLAR TU CARRERA PROFESIONAL Arquitectura Planeamiento estrat\u00e9gico ambiental y urbano. Participaci\u00f3n dentro de equipos interdisciplinarios en el dise\u00f1o de operaciones [&hellip;]<\/p>\n","protected":false},"author":1,"featured_media":0,"parent":0,"menu_order":0,"comment_status":"closed","ping_status":"closed","template":"elementor_canvas","meta":{"footnotes":""},"_links":{"self":[{"href":"https:\/\/gota.uns.edu.ar\/index.php?rest_route=\/wp\/v2\/pages\/37"}],"collection":[{"href":"https:\/\/gota.uns.edu.ar\/index.php?rest_route=\/wp\/v2\/pages"}],"about":[{"href":"https:\/\/gota.uns.edu.ar\/index.php?rest_route=\/wp\/v2\/types\/page"}],"author":[{"embeddable":true,"href":"https:\/\/gota.uns.edu.ar\/index.php?rest_route=\/wp\/v2\/users\/1"}],"replies":[{"embeddable":true,"href":"https:\/\/gota.uns.edu.ar\/index.php?rest_route=%2Fwp%2Fv2%2Fcomments&post=37"}],"version-history":[{"count":70,"href":"https:\/\/gota.uns.edu.ar\/index.php?rest_route=\/wp\/v2\/pages\/37\/revisions"}],"predecessor-version":[{"id":915,"href":"https:\/\/gota.uns.edu.ar\/index.php?rest_route=\/wp\/v2\/pages\/37\/revisions\/915"}],"wp:attachment":[{"href":"https:\/\/gota.uns.edu.ar\/index.php?rest_route=%2Fwp%2Fv2%2Fmedia&parent=37"}],"curies":[{"name":"wp","href":"https:\/\/api.w.org\/{rel}","templated":true}]}}