{"id":45,"date":"2024-04-08T14:38:25","date_gmt":"2024-04-08T17:38:25","guid":{"rendered":"http:\/\/gota.uns.edu.ar\/?page_id=45"},"modified":"2025-05-23T10:42:15","modified_gmt":"2025-05-23T13:42:15","slug":"oferta-academica","status":"publish","type":"page","link":"https:\/\/gota.uns.edu.ar\/?page_id=45","title":{"rendered":"Oferta Acad\u00e9mica"},"content":{"rendered":"\t\t<div data-elementor-type=\"wp-page\" data-elementor-id=\"45\" class=\"elementor elementor-45\" data-elementor-post-type=\"page\">\n\t\t\t\t<div class=\"elementor-element elementor-element-b5447ce e-flex e-con-boxed e-con e-parent\" data-id=\"b5447ce\" data-element_type=\"container\" data-core-v316-plus=\"true\">\n\t\t\t\t\t<div class=\"e-con-inner\">\n\t\t<div class=\"elementor-element elementor-element-7d5705f e-con-full e-flex e-con e-child\" data-id=\"7d5705f\" data-element_type=\"container\">\n\t\t\t\t<div class=\"elementor-element elementor-element-b25f633 elementor-widget elementor-widget-heading\" data-id=\"b25f633\" data-element_type=\"widget\" data-widget_type=\"heading.default\">\n\t\t\t\t<div class=\"elementor-widget-container\">\n\t\t\t<style>\/*! elementor - v3.20.0 - 20-03-2024 *\/\n.elementor-heading-title{padding:0;margin:0;line-height:1}.elementor-widget-heading .elementor-heading-title[class*=elementor-size-]>a{color:inherit;font-size:inherit;line-height:inherit}.elementor-widget-heading .elementor-heading-title.elementor-size-small{font-size:15px}.elementor-widget-heading .elementor-heading-title.elementor-size-medium{font-size:19px}.elementor-widget-heading .elementor-heading-title.elementor-size-large{font-size:29px}.elementor-widget-heading .elementor-heading-title.elementor-size-xl{font-size:39px}.elementor-widget-heading .elementor-heading-title.elementor-size-xxl{font-size:59px}<\/style><h2 class=\"elementor-heading-title elementor-size-default\">CARRERAS<BR> DE GRADO<\/h2>\t\t<\/div>\n\t\t\t\t<\/div>\n\t\t\t\t<div class=\"elementor-element elementor-element-6bc9a6c elementor-align-left elementor-widget elementor-widget-button\" data-id=\"6bc9a6c\" data-element_type=\"widget\" data-widget_type=\"button.default\">\n\t\t\t\t<div class=\"elementor-widget-container\">\n\t\t\t\t\t<div class=\"elementor-button-wrapper\">\n\t\t\t<a class=\"elementor-button elementor-button-link elementor-size-sm\" href=\"http:\/\/gota.uns.edu.ar\/?page_id=632\">\n\t\t\t\t\t\t<span class=\"elementor-button-content-wrapper\">\n\t\t\t\t\t\t<span class=\"elementor-button-text\">Ver m\u00e1s info<\/span>\n\t\t<\/span>\n\t\t\t\t\t<\/a>\n\t\t<\/div>\n\t\t\t\t<\/div>\n\t\t\t\t<\/div>\n\t\t\t\t<\/div>\n\t\t<div class=\"elementor-element elementor-element-e93abe4 e-con-full e-flex e-con e-child\" data-id=\"e93abe4\" data-element_type=\"container\">\n\t\t\t\t<div class=\"elementor-element elementor-element-5dfe622 elementor-widget elementor-widget-text-editor\" data-id=\"5dfe622\" data-element_type=\"widget\" data-widget_type=\"text-editor.default\">\n\t\t\t\t<div class=\"elementor-widget-container\">\n\t\t\t<style>\/*! elementor - v3.20.0 - 20-03-2024 *\/\n.elementor-widget-text-editor.elementor-drop-cap-view-stacked .elementor-drop-cap{background-color:#69727d;color:#fff}.elementor-widget-text-editor.elementor-drop-cap-view-framed .elementor-drop-cap{color:#69727d;border:3px solid;background-color:transparent}.elementor-widget-text-editor:not(.elementor-drop-cap-view-default) .elementor-drop-cap{margin-top:8px}.elementor-widget-text-editor:not(.elementor-drop-cap-view-default) .elementor-drop-cap-letter{width:1em;height:1em}.elementor-widget-text-editor .elementor-drop-cap{float:left;text-align:center;line-height:1;font-size:50px}.elementor-widget-text-editor .elementor-drop-cap-letter{display:inline-block}<\/style>\t\t\t\t<p>Todos los t\u00edtulos de nuestras carreras cuentan con reconocimiento oficial del Ministerio de Educaci\u00f3n y gozan de un alto prestigio en el \u00e1mbito laboral, tanto en empresas como en organismos p\u00fablicos e instituciones. Esto se debe a los elevados est\u00e1ndares de calidad que nuestra Casa ha sostenido hist\u00f3ricamente en todas sus disciplinas, constituyendo una de sus se\u00f1as de identidad.<\/p>\t\t\t\t\t\t<\/div>\n\t\t\t\t<\/div>\n\t\t\t\t<\/div>\n\t\t\t\t\t<\/div>\n\t\t\t\t<\/div>\n\t\t<div class=\"elementor-element elementor-element-86be3b7 e-flex e-con-boxed e-con e-parent\" data-id=\"86be3b7\" data-element_type=\"container\" data-core-v316-plus=\"true\">\n\t\t\t\t\t<div class=\"e-con-inner\">\n\t\t<div class=\"elementor-element elementor-element-bb157a9 e-con-full e-flex e-con e-child\" data-id=\"bb157a9\" data-element_type=\"container\">\n\t\t\t\t<div class=\"elementor-element elementor-element-a6ad313 elementor-widget elementor-widget-heading\" data-id=\"a6ad313\" data-element_type=\"widget\" data-widget_type=\"heading.default\">\n\t\t\t\t<div class=\"elementor-widget-container\">\n\t\t\t<h2 class=\"elementor-heading-title elementor-size-default\">CARRERAS<BR> DE POSGRADO<\/h2>\t\t<\/div>\n\t\t\t\t<\/div>\n\t\t\t\t<div class=\"elementor-element elementor-element-d9dc298 elementor-align-left elementor-widget elementor-widget-button\" data-id=\"d9dc298\" data-element_type=\"widget\" data-widget_type=\"button.default\">\n\t\t\t\t<div class=\"elementor-widget-container\">\n\t\t\t\t\t<div class=\"elementor-button-wrapper\">\n\t\t\t<a class=\"elementor-button elementor-button-link elementor-size-sm\" href=\"http:\/\/gota.uns.edu.ar\/?page_id=634\">\n\t\t\t\t\t\t<span class=\"elementor-button-content-wrapper\">\n\t\t\t\t\t\t<span class=\"elementor-button-text\">Ver m\u00e1s info<\/span>\n\t\t<\/span>\n\t\t\t\t\t<\/a>\n\t\t<\/div>\n\t\t\t\t<\/div>\n\t\t\t\t<\/div>\n\t\t\t\t<\/div>\n\t\t<div class=\"elementor-element elementor-element-9878f90 e-con-full e-flex e-con e-child\" data-id=\"9878f90\" data-element_type=\"container\">\n\t\t\t\t<div class=\"elementor-element elementor-element-0545467 elementor-widget elementor-widget-text-editor\" data-id=\"0545467\" data-element_type=\"widget\" data-widget_type=\"text-editor.default\">\n\t\t\t\t<div class=\"elementor-widget-container\">\n\t\t\t\t\t\t\t<p>El Programa de Posgrado del Departamento de Geograf\u00eda y Turismo tiene como objetivo formar profesionales capaces de dar respuesta a las crecientes demandas de la pr\u00e1ctica geogr\u00e1fica, la investigaci\u00f3n cient\u00edfico-tecnol\u00f3gica y la docencia en los niveles medio, terciario y universitario.<br data-start=\"453\" data-end=\"456\" \/>Ofrece el Doctorado en Geograf\u00eda, as\u00ed como Maestr\u00edas interdisciplinarias, interdepartamentales e interuniversitarias en las que el Departamento participa a trav\u00e9s de convenios espec\u00edficos. Tambi\u00e9n cuenta con la Especializaci\u00f3n en Turismo Rural y Comunitario.<br data-start=\"714\" data-end=\"717\" \/>Todas las propuestas se desarrollan bajo las normativas vigentes de la Universidad Nacional del Sur.<\/p>\t\t\t\t\t\t<\/div>\n\t\t\t\t<\/div>\n\t\t\t\t<\/div>\n\t\t\t\t\t<\/div>\n\t\t\t\t<\/div>\n\t\t<div class=\"elementor-element elementor-element-9dcc506 e-flex e-con-boxed e-con e-parent\" data-id=\"9dcc506\" data-element_type=\"container\" data-core-v316-plus=\"true\">\n\t\t\t\t\t<div class=\"e-con-inner\">\n\t\t\t\t\t<\/div>\n\t\t\t\t<\/div>\n\t\t\t\t<\/div>\n\t\t","protected":false},"excerpt":{"rendered":"<p>CARRERAS DE GRADO Ver m\u00e1s info Todos los t\u00edtulos de nuestras carreras cuentan con reconocimiento oficial del Ministerio de Educaci\u00f3n y gozan de un alto prestigio en el \u00e1mbito laboral, tanto en empresas como en organismos p\u00fablicos e instituciones. Esto se debe a los elevados est\u00e1ndares de calidad que nuestra Casa ha sostenido hist\u00f3ricamente en [&hellip;]<\/p>\n","protected":false},"author":1,"featured_media":0,"parent":0,"menu_order":0,"comment_status":"closed","ping_status":"closed","template":"","meta":{"footnotes":""},"_links":{"self":[{"href":"https:\/\/gota.uns.edu.ar\/index.php?rest_route=\/wp\/v2\/pages\/45"}],"collection":[{"href":"https:\/\/gota.uns.edu.ar\/index.php?rest_route=\/wp\/v2\/pages"}],"about":[{"href":"https:\/\/gota.uns.edu.ar\/index.php?rest_route=\/wp\/v2\/types\/page"}],"author":[{"embeddable":true,"href":"https:\/\/gota.uns.edu.ar\/index.php?rest_route=\/wp\/v2\/users\/1"}],"replies":[{"embeddable":true,"href":"https:\/\/gota.uns.edu.ar\/index.php?rest_route=%2Fwp%2Fv2%2Fcomments&post=45"}],"version-history":[{"count":28,"href":"https:\/\/gota.uns.edu.ar\/index.php?rest_route=\/wp\/v2\/pages\/45\/revisions"}],"predecessor-version":[{"id":820,"href":"https:\/\/gota.uns.edu.ar\/index.php?rest_route=\/wp\/v2\/pages\/45\/revisions\/820"}],"wp:attachment":[{"href":"https:\/\/gota.uns.edu.ar\/index.php?rest_route=%2Fwp%2Fv2%2Fmedia&parent=45"}],"curies":[{"name":"wp","href":"https:\/\/api.w.org\/{rel}","templated":true}]}}