{"id":724,"date":"2024-09-18T14:21:57","date_gmt":"2024-09-18T17:21:57","guid":{"rendered":"http:\/\/gota.uns.edu.ar\/?page_id=724"},"modified":"2025-06-12T14:18:54","modified_gmt":"2025-06-12T17:18:54","slug":"rug","status":"publish","type":"page","link":"https:\/\/gota.uns.edu.ar\/?page_id=724","title":{"rendered":"RUG"},"content":{"rendered":"\n<p>La\u00a0<strong><a href=\"https:\/\/revistas.uns.edu.ar\/rug\">Revista Universitaria de Geograf\u00eda<\/a><\/strong>\u00a0(RUG) es una publicaci\u00f3n semestral que tiene como finalidad difundir la producci\u00f3n cient\u00edfica referida a tem\u00e1ticas propias de la ciencia geogr\u00e1fica, abordadas desde diferentes enfoques te\u00f3rico-metodol\u00f3gicos. Su prop\u00f3sito es difundir el conocimiento cient\u00edfico a trav\u00e9s de art\u00edculos originales in\u00e9ditos con evaluaci\u00f3n doble ciega, aportes te\u00f3rico-metodol\u00f3gicos, rese\u00f1as bibliogr\u00e1ficas y de tesis de posgrado, notas cr\u00edticas y entrevistas a ge\u00f3grafos distinguidos. La publicaci\u00f3n est\u00e1 dirigida a la comunidad cient\u00edfica, organismos gubernamentales, no gubernamentales y a la sociedad civil. Los trabajos podr\u00e1n ser enviados y publicados en espa\u00f1ol, ingl\u00e9s, portugu\u00e9s o franc\u00e9s.<\/p>\n\n\n\n<p>La RUG recibe contribuciones todo el a\u00f1o. Quienes deseen enviar un manuscrito para publicaci\u00f3n, podr\u00e1n consultar nuestras pol\u00edticas editoriales en la secci\u00f3n&nbsp;<a href=\"https:\/\/revistas.uns.edu.ar\/rug\/about\">Sobre la revista<\/a>. Recomendamos asimismo revisar la secci\u00f3n&nbsp;<a href=\"https:\/\/revistas.uns.edu.ar\/rug\/Directrices\" target=\"_blank\" rel=\"noreferrer noopener\">Directrices para autores\/as<\/a>&nbsp;para ajustar el manuscrito a las normas de presentaci\u00f3n de la revista.<\/p>\n\n\n\n<p><strong>Periodicidad<\/strong><br>Semestral<br><strong>ISSN<\/strong>&nbsp;0326-8373<br><strong>e-ISSN<\/strong>&nbsp;1852-4265<br><a href=\"https:\/\/revistas.uns.edu.ar\/rug\/about\/editorialTeam\">Equipo editorial<\/a><\/p>\n","protected":false},"excerpt":{"rendered":"<p>La\u00a0Revista Universitaria de Geograf\u00eda\u00a0(RUG) es una publicaci\u00f3n semestral que tiene como finalidad difundir la producci\u00f3n cient\u00edfica referida a tem\u00e1ticas propias de la ciencia geogr\u00e1fica, abordadas desde diferentes enfoques te\u00f3rico-metodol\u00f3gicos. Su prop\u00f3sito es difundir el conocimiento cient\u00edfico a trav\u00e9s de art\u00edculos originales in\u00e9ditos con evaluaci\u00f3n doble ciega, aportes te\u00f3rico-metodol\u00f3gicos, rese\u00f1as bibliogr\u00e1ficas y de tesis de posgrado, [&hellip;]<\/p>\n","protected":false},"author":1,"featured_media":0,"parent":0,"menu_order":0,"comment_status":"closed","ping_status":"closed","template":"","meta":{"footnotes":""},"_links":{"self":[{"href":"https:\/\/gota.uns.edu.ar\/index.php?rest_route=\/wp\/v2\/pages\/724"}],"collection":[{"href":"https:\/\/gota.uns.edu.ar\/index.php?rest_route=\/wp\/v2\/pages"}],"about":[{"href":"https:\/\/gota.uns.edu.ar\/index.php?rest_route=\/wp\/v2\/types\/page"}],"author":[{"embeddable":true,"href":"https:\/\/gota.uns.edu.ar\/index.php?rest_route=\/wp\/v2\/users\/1"}],"replies":[{"embeddable":true,"href":"https:\/\/gota.uns.edu.ar\/index.php?rest_route=%2Fwp%2Fv2%2Fcomments&post=724"}],"version-history":[{"count":4,"href":"https:\/\/gota.uns.edu.ar\/index.php?rest_route=\/wp\/v2\/pages\/724\/revisions"}],"predecessor-version":[{"id":1045,"href":"https:\/\/gota.uns.edu.ar\/index.php?rest_route=\/wp\/v2\/pages\/724\/revisions\/1045"}],"wp:attachment":[{"href":"https:\/\/gota.uns.edu.ar\/index.php?rest_route=%2Fwp%2Fv2%2Fmedia&parent=724"}],"curies":[{"name":"wp","href":"https:\/\/api.w.org\/{rel}","templated":true}]}}