{"id":976,"date":"2025-06-12T10:26:08","date_gmt":"2025-06-12T13:26:08","guid":{"rendered":"http:\/\/gota.uns.edu.ar\/?page_id=976"},"modified":"2025-06-12T10:26:08","modified_gmt":"2025-06-12T13:26:08","slug":"historia","status":"publish","type":"page","link":"https:\/\/gota.uns.edu.ar\/?page_id=976","title":{"rendered":"Historia"},"content":{"rendered":"\n<p class=\"has-text-align-left\">En el a\u00f1o 1956, se crea el Departamento de Geograf\u00eda, bajo la denominaci\u00f3n de \u201cGeolog\u00eda y Geograf\u00eda\u201d. Al a\u00f1o siguiente se inicia la Carrera de Licenciatura en Geograf\u00eda con una duraci\u00f3n de cuatro a\u00f1os y un a\u00f1o m\u00e1s en el cual se cursaban asignaturas espec\u00edficas de Pedagog\u00eda para obtener el t\u00edtulo de Profesor.<\/p>\n\n\n\n<p class=\"has-text-align-left\">Los primeros inscriptos (1957) se graduaron en 1963 debido a la discontinuidad en el dictado de la misma por falta de docentes especializados quienes proven\u00edan de las universidades nacionales de Buenos Aires y La Plata en calidad de profesores viajeros. En 1962 se concreta la autonom\u00eda del Departamento de Geograf\u00eda con sus respectivas carreras brindando adem\u00e1s materias de servicio a otros departamentos. Es importante destacar que esta Universidad es la \u00fanica del pa\u00eds que mantuvo y a\u00fan tiene un Departamento de Geograf\u00eda aut\u00f3nomo en su estructura acad\u00e9mica.<\/p>\n\n\n\n<p class=\"has-text-align-left\">En el a\u00f1o 1968 se crea el Gabinete de Geograf\u00eda Aplicada seg\u00fan Expediente 5262\/68, con el objetivo de desarrollar la investigaci\u00f3n y su vinculaci\u00f3n con el medio. Dentro del mismo se realizaron importantes Proyectos de Investigaci\u00f3n mediante Convenios con diferentes organismos oficiales y privados como: INTA, IGM y Municipalidades. Tambi\u00e9n se organiza el Centro de Documentaci\u00f3n e Instrumental Cartogr\u00e1fico. En marzo de 1975, se crea el Departamento de Ciencias Sociales, donde el Departamento de Geograf\u00eda se anexa como un Secci\u00f3n hasta 1984, donde nuevamente adquiere su autonom\u00eda. Durante ese per\u00edodo se produjo el cierre temporario de la carrera -entre 1975 y 1976-.<\/p>\n\n\n\n<p class=\"has-text-align-left\">En 1978, dentro del Departamento de Ciencias Sociales, se reactiva el Gabinete de Geograf\u00eda Aplicada \u201cAlejandro von Humboldt\u201d y se aprueba un nuevo reglamento. Se crea, adem\u00e1s, un ciclo de Especializaci\u00f3n de un a\u00f1o en la Licenciatura. Para esta fecha se reactiva Gabinete de Cartograf\u00eda, el cual con sucesivas transformaciones, paralelas a los avances tecnol\u00f3gicos, es en la actualidad el Gabinete de Cartograf\u00eda Automatizada. A partir de 1981 se implementa un nuevo Plan de Estudios en las carreras de Licenciatura, con dos orientaciones, y Profesorado en Geograf\u00eda con una duraci\u00f3n de cinco a\u00f1os cada una, de los cuales cuatro eran comunes.<\/p>\n\n\n\n<p class=\"has-text-align-left\">En 1984 se inicia una nueva etapa dentro del Departamento: recupera su autonom\u00eda, hecho que represent\u00f3 un hito muy importante para su crecimiento. En 1986 se crea la Biblioteca Especializada en Geograf\u00eda, la cual incrementa en forma constante su patrimonio, tanto en textos como en revistas. Cuenta con un sistema autom\u00e1tico de servicios y de consulta, conexi\u00f3n de los gabinetes de trabajo con la base de datos bibliogr\u00e1ficos y est\u00e1 integrada a la red de universidades a trav\u00e9s de la Web.<\/p>\n\n\n\n<p class=\"has-text-align-left\">En 1985, se inician los primeros cursos de posgrado promovidos por intercambios con universidades extranjeras, como las de Brasil, Francia, Espa\u00f1a, Cuba entre otras, cuyas relaciones se intensifican en los \u00faltimos a\u00f1os, mediante el intercambio de becarios, alumnos de doctorados, pasantes, proyectos de investigaci\u00f3n binacionales (Programa ECO). En este mismo a\u00f1o se pone en funcionamiento la Secci\u00f3n de Investigaciones, cuya principal finalidad es publicar trabajos geogr\u00e1ficos realizados por investigadores de este Departamento como as\u00ed tambi\u00e9n de invitados de otras universidades nacionales e internacionales. De esta manera surge la Revista Universitaria de Geograf\u00eda y la serie SIGEO, con trabajos individuales; ambas cuentan con un Comit\u00e9 de Evaluaci\u00f3n, integrado por renombrados ge\u00f3grafos del pa\u00eds y del extranjero. Posteriormente, con EdiUNS (editorial de la Universidad Nacional del Sur) y otras editoriales se publicaron varios textos de temas espec\u00edficos, con gran repercusi\u00f3n en el medio local y regional, as\u00ed como en otros niveles del sistema educativo.<\/p>\n\n\n\n<p class=\"has-text-align-left\">Los avances tecnol\u00f3gicos produjeron una notoria transformaci\u00f3n y a mediados de la d\u00e9cada de 1990, un convenio financiado desde B\u00e9lgica permiti\u00f3 traer el programa PRESTA con un curso de estad\u00edstica que represent\u00f3 la incorporaci\u00f3n formal de la inform\u00e1tica y reforz\u00f3 los avances realizados individualmente por algunos docentes-investigadores. En 1993 se implementan las carreras de Maestr\u00eda y Doctorado en Geograf\u00eda, cuyo primer egresado defiende su tesis en 1999. Posteriormente inician su dictado la Maestr\u00eda en Desarrollo y Gesti\u00f3n Territorial organizada en red y compartida con las Universidades de Rosario y R\u00edo Cuarto y la Maestr\u00eda en Pol\u00edticas y Estrategias, conjuntamente con los Departamentos de Ciencias de la Administraci\u00f3n, Derecho, Humanidades y Econom\u00eda de esta Universidad. Asimismo, se cuenta con varios convenios con universidades nacionales y extranjeras, entre las que se destacan las de Toulouse Le Mirail (Francia), Islas Baleares (Espa\u00f1a), Universidad de Sao Pablo (Brasil), de la Frontera, en Temuco (Chile), La Habana (Cuba), Alcal\u00e1 de Henares y Complutense (Espa\u00f1a), Guadalajara y M\u00e9xico (M\u00e9xico). Algunos m\u00e1s activos que otros, permiten el intercambio acad\u00e9mico, la elaboraci\u00f3n de proyectos de investigaci\u00f3n conjuntos, apoyo econ\u00f3mico, reuniones cient\u00edficas y formaci\u00f3n de recursos humanos.<\/p>\n\n\n\n<p class=\"has-text-align-left\">Entre los a\u00f1os 1995-1996-1997 se realiza una reestructuraci\u00f3n de ambos planes de carreras dentro del Proyecto FOMEC. De esta manera, el Profesorado queda estructurado con una duraci\u00f3n de cuatro a\u00f1os y la Licenciatura de cinco a\u00f1os, con cuatro orientaciones, cuyas especializaciones se realizan en el \u00faltimo a\u00f1o. Ambos planes se hallan articulados a trav\u00e9s de 12 asignaturas en com\u00fan.<\/p>\n\n\n\n<p class=\"has-text-align-left\">En 1995, se crea la Carrera de Gu\u00eda Universitario de Turismo, a t\u00e9rmino, con tres per\u00edodos de inscripci\u00f3n y una duraci\u00f3n de tres a\u00f1os. En 1999, se pone en funcionamiento, bajo el Programa PEUZO, la carrera de T\u00e9cnico en Emprendimientos Tur\u00edsticos, con sede en la localidad de Punta Alta y posteriormente se extiende a las sedes de Carmen de Patagones, Pig\u00fc\u00e9, Tres Arroyos, Darregueira, Coronel Su\u00e1rez, Monte Hermoso y Puan. En el a\u00f1o 2003, comienza el dictado de la Carrera Licenciatura en Turismo. Debido a este hecho el Departamento de Geograf\u00eda cambia su denominaci\u00f3n por la de Geograf\u00eda y Turismo.<\/p>\n\n\n\n<p class=\"has-text-align-left\">Entre los a\u00f1os 2000 y 2003, a propuesta del Departamento de Geograf\u00eda y Turismo la Universidad Nacional del Sur otorga el grado de Dr. Honoris Causa a tres prestigiosos ge\u00f3grafos: Dr. Milton Santos (Universidad de San Pablo); Dr. Paul Gaygnard (Universidad de Toulouse) y Prof. Pedro Gonz\u00e1lez Prieto (Univ. Nacional del Sur). En el a\u00f1o 2004 se crea el CIUR Estudios Territoriales, como Centro de Investigaci\u00f3n Urbano-regionales. Durante el per\u00edodo 2003-2004, el convenio con la Universidad de las Islas Baleares permiti\u00f3 incrementar la capacidad operativa de la Sala de Computaci\u00f3n, al incorporar nuevos equipos que permitieron un mayor uso y posibilidades prestacionales por parte de docentes, alumnos y cursos espec\u00edficos con utilizaci\u00f3n S.I.G., como as\u00ed tambi\u00e9n en Sistema de reservas \u201cAmadeus\u201d. Por otra parte, tambi\u00e9n se encuentra la Sala de Cartograf\u00eda, en v\u00edas de convertirse, conforme la normativa vigente, en el \u201cCentro de Documentaci\u00f3n y Producci\u00f3n Cartogr\u00e1fica\u201d, donde se complementan la cartograf\u00eda anal\u00f3gica y los modelos digitales.<\/p>\n\n\n\n<p class=\"has-text-align-left\">En el 2005, se inicia la Carrera T\u00e9cnico Universitario en Gesti\u00f3n Cultural y Emprendimientos Culturales, a trav\u00e9s de un Convenio entre UPSO (Universidad Provincial del Sudoeste) \u2013 Universidad Nacional del Sur \u2013 Instituto Cultural del Gobierno de la Provincia de Buenos Aires.<\/p>\n\n\n\n<p class=\"has-text-align-left\">En el a\u00f1o 2007, se reestructura la Sesi\u00f3n Investigaciones cre\u00e1ndose el Consejo Editorial y el Comit\u00e9 Editor de la Revista Universitaria de Geograf\u00eda, los cuales cuentan con un Comit\u00e9 Asesor compuesto por miembros nacionales y extranjeros de reconocida trayectoria acad\u00e9mica. A partir de esta misma fecha la Revista Universitaria de Geograf\u00eda es incorporada al Cat\u00e1logo Latindex. Desde 1990 se implementan fondos especiales para investigaci\u00f3n provenientes de la Secretar\u00eda de Ciencia y Tecnolog\u00eda; ello dio origen a la formaci\u00f3n de Grupos de Investigaci\u00f3n. En la actualidad, se desarrollan en el Departamento diez PGIs y un PGI TIR (Proyecto de Inter\u00e9s Regional). Otros hitos importantes dentro de la historia es esta unidad acad\u00e9mica son:<\/p>\n\n\n\n<p class=\"has-text-align-left\">1993: Se realiza en el Dto. de Geograf\u00eda el VI Encuentro Nacional de Profesores de Geograf\u00eda y VI Jornadas de actualizaci\u00f3n metodol\u00f3gica<br>1997: Primer Congreso Nacional de Geograf\u00eda F\u00edsica en Bah\u00eda Blanca<br>1997: El Departamento de Geograf\u00eda forma parte del Comit\u00e9 Organizador del VI Encuentro Latinoamericano de Ge\u00f3grafos<br>1998: Se realiza en el Dto. de Geograf\u00eda las III Jornadas Nacionales de Investigaci\u00f3n y Extensi\u00f3n en Turismo<br>2003: Se organiza la 64\u00ba Semana Nacional de la Geograf\u00eda en Bah\u00eda Blanca<br>2005: Se organizan las VII Jornadas Nacionales y I Simposio Internacional: Investigaci\u00f3n-Acci\u00f3n en Turismo<br>2007: Conmemoraci\u00f3n 50\u00ba Aniversario de la creaci\u00f3n de la carrera Licenciatura en Geograf\u00eda<\/p>\n","protected":false},"excerpt":{"rendered":"<p>En el a\u00f1o 1956, se crea el Departamento de Geograf\u00eda, bajo la denominaci\u00f3n de \u201cGeolog\u00eda y Geograf\u00eda\u201d. Al a\u00f1o siguiente se inicia la Carrera de Licenciatura en Geograf\u00eda con una duraci\u00f3n de cuatro a\u00f1os y un a\u00f1o m\u00e1s en el cual se cursaban asignaturas espec\u00edficas de Pedagog\u00eda para obtener el t\u00edtulo de Profesor. Los primeros [&hellip;]<\/p>\n","protected":false},"author":1,"featured_media":0,"parent":0,"menu_order":0,"comment_status":"closed","ping_status":"closed","template":"","meta":{"footnotes":""},"_links":{"self":[{"href":"https:\/\/gota.uns.edu.ar\/index.php?rest_route=\/wp\/v2\/pages\/976"}],"collection":[{"href":"https:\/\/gota.uns.edu.ar\/index.php?rest_route=\/wp\/v2\/pages"}],"about":[{"href":"https:\/\/gota.uns.edu.ar\/index.php?rest_route=\/wp\/v2\/types\/page"}],"author":[{"embeddable":true,"href":"https:\/\/gota.uns.edu.ar\/index.php?rest_route=\/wp\/v2\/users\/1"}],"replies":[{"embeddable":true,"href":"https:\/\/gota.uns.edu.ar\/index.php?rest_route=%2Fwp%2Fv2%2Fcomments&post=976"}],"version-history":[{"count":2,"href":"https:\/\/gota.uns.edu.ar\/index.php?rest_route=\/wp\/v2\/pages\/976\/revisions"}],"predecessor-version":[{"id":978,"href":"https:\/\/gota.uns.edu.ar\/index.php?rest_route=\/wp\/v2\/pages\/976\/revisions\/978"}],"wp:attachment":[{"href":"https:\/\/gota.uns.edu.ar\/index.php?rest_route=%2Fwp%2Fv2%2Fmedia&parent=976"}],"curies":[{"name":"wp","href":"https:\/\/api.w.org\/{rel}","templated":true}]}}